{"id":73,"date":"2019-04-30T00:18:38","date_gmt":"2019-04-29T22:18:38","guid":{"rendered":"https:\/\/ct27.escalade-normandie.com\/?page_id=73"},"modified":"2025-01-29T16:01:04","modified_gmt":"2025-01-29T15:01:04","slug":"topo-escalade-dans-leure","status":"publish","type":"page","link":"https:\/\/ct27.escalade-normandie.com\/index.php\/topo-escalade-dans-leure\/","title":{"rendered":"TOPO Escalade dans l&rsquo;Eure"},"content":{"rendered":"\n<p>La saison printani\u00e8re approche et vous cherchez \u00e0 vous procurer le nouveau topo des Falaises du Bord de Seine ? <\/p>\n\n\n\n<figure class=\"wp-block-image\"><img loading=\"lazy\" decoding=\"async\" width=\"1024\" height=\"498\" src=\"https:\/\/ct27.escalade-normandie.com\/wp-content\/uploads\/2019\/04\/20181121_142327-1024x498.jpg\" alt=\"\" class=\"wp-image-94\" srcset=\"https:\/\/ct27.escalade-normandie.com\/wp-content\/uploads\/2019\/04\/20181121_142327-1024x498.jpg 1024w, https:\/\/ct27.escalade-normandie.com\/wp-content\/uploads\/2019\/04\/20181121_142327-416x202.jpg 416w, https:\/\/ct27.escalade-normandie.com\/wp-content\/uploads\/2019\/04\/20181121_142327-300x146.jpg 300w, https:\/\/ct27.escalade-normandie.com\/wp-content\/uploads\/2019\/04\/20181121_142327-768x373.jpg 768w\" sizes=\"auto, (max-width: 706px) 89vw, (max-width: 767px) 82vw, 740px\" \/><\/figure>\n\n\n\n<p>Avec son nouveau format, sa nouvelle pagination, ses nouvelles photos,  ses pictogrammes sympathiques, son nouveau secteur, un r\u00e9ajustement des cotations, c&rsquo;est un p&rsquo;tit bijou. Amies grimpeuses, amis grimpeurs, bonne nouvelle, il est disponible \u00e0 la vente : <\/p>\n\n\n\n<p> &#8211; Au Vieux Campeur \u00e0 Paris<\/p>\n\n\n\n<p> &#8211; A l\u2019Office de Tourisme des Andelys<\/p>\n\n\n\n<p> &#8211; A Block out Rouen<\/p>\n\n\n\n<p> &#8211; A Espace Montagne Rouen<\/p>\n\n\n\n<p> &#8211; Sur la <a href=\"https:\/\/www.ffme.fr\/boutique\/ficheProduit\/671.html\">boutique en ligne de la <\/a><a href=\"https:\/\/www.ffme.fr\/boutique\/ficheProduit\/671.html\" title=\"FFME\">FFME<\/a><\/p>\n\n\n\n<p> Le prix public max conseill\u00e9 est \u00e0 26 \u20ac<\/p>\n\n\n\n<p>Vous \u00eates licenci\u00e9s FFME du d\u00e9partement 27 ? Renseignez vous aupr\u00e8s de vos <a href=\"https:\/\/www.ffme.fr\/club\/liste-des-structures.html?ID_DEPARTEMENT=27\">clubs<\/a>. Tous ont \u00e9t\u00e9 approvisionn\u00e9s lors de l&rsquo;AG du 12 janvier 2019. <\/p>\n\n\n\n<p>Vous \u00eates un club en dehors du d\u00e9partement 27 et souhaitez vous procurer le topo pour vos adh\u00e9rents ? Attention le minima de la commande  est de 10 topos.<\/p>\n\n\n\n<p>Commandez ici :  <a href=\"topo@ct27.escalade-normandie.com\">topo@ct27.escalade-normandie.com<\/a><\/p>\n\n\n\n<p><\/p>\n\n\n\n<p>Une <strong><span style=\"text-decoration: underline;\">version num\u00e9rique est \u00e9galement disponible<\/span><\/strong> en t\u00e9l\u00e9chargeant <a href=\"https:\/\/www.onetopo.com\/topo\/app-mobile\" target=\"_blank\" rel=\"noopener\" title=\"\">l&rsquo;application OneTopo<\/a> !<\/p>\n\n\n\n<p>Vous avez la possibilit\u00e9 d&rsquo;acheter le topo entier ou par secteurs.<\/p>\n\n\n\n<figure class=\"wp-block-image\"><img loading=\"lazy\" decoding=\"async\" width=\"600\" height=\"800\" src=\"https:\/\/ct27.escalade-normandie.com\/wp-content\/uploads\/2019\/04\/IMG_97801.jpg\" alt=\"\" class=\"wp-image-95\" srcset=\"https:\/\/ct27.escalade-normandie.com\/wp-content\/uploads\/2019\/04\/IMG_97801.jpg 600w, https:\/\/ct27.escalade-normandie.com\/wp-content\/uploads\/2019\/04\/IMG_97801-416x555.jpg 416w, https:\/\/ct27.escalade-normandie.com\/wp-content\/uploads\/2019\/04\/IMG_97801-225x300.jpg 225w\" sizes=\"auto, (max-width: 600px) 100vw, 600px\" \/><\/figure>\n\n\n\n<p><\/p>\n","protected":false},"excerpt":{"rendered":"<p>La saison printani\u00e8re approche et vous cherchez \u00e0 vous procurer le nouveau topo des Falaises du Bord de Seine ? Avec son nouveau format, sa nouvelle pagination, ses nouvelles photos, ses pictogrammes sympathiques, son nouveau secteur, un r\u00e9ajustement des cotations, c&rsquo;est un p&rsquo;tit bijou. Amies grimpeuses, amis grimpeurs, bonne nouvelle, il est disponible \u00e0 la &hellip; <\/p>\n<p class=\"link-more\"><a href=\"https:\/\/ct27.escalade-normandie.com\/index.php\/topo-escalade-dans-leure\/\" class=\"more-link\">Continuer la lecture<span class=\"screen-reader-text\"> de &laquo;&nbsp;TOPO Escalade dans l&rsquo;Eure&nbsp;&raquo;<\/span><\/a><\/p>\n","protected":false},"author":2,"featured_media":85,"parent":0,"menu_order":0,"comment_status":"closed","ping_status":"closed","template":"","meta":{"footnotes":""},"class_list":["post-73","page","type-page","status-publish","has-post-thumbnail","hentry"],"aioseo_notices":[],"_links":{"self":[{"href":"https:\/\/ct27.escalade-normandie.com\/index.php\/wp-json\/wp\/v2\/pages\/73","targetHints":{"allow":["GET"]}}],"collection":[{"href":"https:\/\/ct27.escalade-normandie.com\/index.php\/wp-json\/wp\/v2\/pages"}],"about":[{"href":"https:\/\/ct27.escalade-normandie.com\/index.php\/wp-json\/wp\/v2\/types\/page"}],"author":[{"embeddable":true,"href":"https:\/\/ct27.escalade-normandie.com\/index.php\/wp-json\/wp\/v2\/users\/2"}],"replies":[{"embeddable":true,"href":"https:\/\/ct27.escalade-normandie.com\/index.php\/wp-json\/wp\/v2\/comments?post=73"}],"version-history":[{"count":6,"href":"https:\/\/ct27.escalade-normandie.com\/index.php\/wp-json\/wp\/v2\/pages\/73\/revisions"}],"predecessor-version":[{"id":376,"href":"https:\/\/ct27.escalade-normandie.com\/index.php\/wp-json\/wp\/v2\/pages\/73\/revisions\/376"}],"wp:featuredmedia":[{"embeddable":true,"href":"https:\/\/ct27.escalade-normandie.com\/index.php\/wp-json\/wp\/v2\/media\/85"}],"wp:attachment":[{"href":"https:\/\/ct27.escalade-normandie.com\/index.php\/wp-json\/wp\/v2\/media?parent=73"}],"curies":[{"name":"wp","href":"https:\/\/api.w.org\/{rel}","templated":true}]}}