{"id":58,"date":"2019-04-29T23:31:44","date_gmt":"2019-04-29T21:31:44","guid":{"rendered":"https:\/\/ct27.escalade-normandie.com\/?page_id=58"},"modified":"2019-04-30T01:04:50","modified_gmt":"2019-04-29T23:04:50","slug":"les-clubs","status":"publish","type":"page","link":"https:\/\/ct27.escalade-normandie.com\/index.php\/accueil\/les-clubs\/","title":{"rendered":"Nos sites de pratique"},"content":{"rendered":"\n<h3 class=\"wp-block-heading\">Les Structures Artificiels d&rsquo;Escalade (SAE)<\/h3>\n\n\n\n<figure class=\"wp-block-image\"><img loading=\"lazy\" decoding=\"async\" width=\"683\" height=\"1024\" src=\"https:\/\/ct27.escalade-normandie.com\/wp-content\/uploads\/2019\/04\/D\u00e9partementaux-Escaladamville-avril-2019-982-683x1024.jpg\" alt=\"\" class=\"wp-image-99\" srcset=\"https:\/\/ct27.escalade-normandie.com\/wp-content\/uploads\/2019\/04\/D\u00e9partementaux-Escaladamville-avril-2019-982-683x1024.jpg 683w, https:\/\/ct27.escalade-normandie.com\/wp-content\/uploads\/2019\/04\/D\u00e9partementaux-Escaladamville-avril-2019-982-416x624.jpg 416w, https:\/\/ct27.escalade-normandie.com\/wp-content\/uploads\/2019\/04\/D\u00e9partementaux-Escaladamville-avril-2019-982-200x300.jpg 200w, https:\/\/ct27.escalade-normandie.com\/wp-content\/uploads\/2019\/04\/D\u00e9partementaux-Escaladamville-avril-2019-982-768x1152.jpg 768w\" sizes=\"auto, (max-width: 683px) 100vw, 683px\" \/><\/figure>\n\n\n\n<p>La F\u00e9d\u00e9ration Fran\u00e7aise de la Montagne et de l&rsquo;Escalade (FFME) vous  propose cet annuaire national des clubs pratiquant les sports de  montagne et d&rsquo;escalade affili\u00e9s \u00e0 la f\u00e9d\u00e9ration. Au total, plus de 1100  clubs.  <\/p>\n\n\n\n<p>Le Comit\u00e9 Territorial de l&rsquo;Eure vous propose la <a href=\"https:\/\/www.ffme.fr\/club\/liste-des-structures.html?ID_DEPARTEMENT=27\">liste <\/a>de ses clubs.<\/p>\n\n\n\n<p>Finalement, il y a toujours un club pr\u00e8s de chez vous &#8230; !<\/p>\n\n\n\n<h3 class=\"wp-block-heading\">Les Sites Naturels d&rsquo;Escalade (SNE)<\/h3>\n\n\n\n<figure class=\"wp-block-image\"><img loading=\"lazy\" decoding=\"async\" width=\"604\" height=\"444\" src=\"https:\/\/ct27.escalade-normandie.com\/wp-content\/uploads\/2019\/04\/lm.jpg\" alt=\"\" class=\"wp-image-65\" srcset=\"https:\/\/ct27.escalade-normandie.com\/wp-content\/uploads\/2019\/04\/lm.jpg 604w, https:\/\/ct27.escalade-normandie.com\/wp-content\/uploads\/2019\/04\/lm-416x306.jpg 416w, https:\/\/ct27.escalade-normandie.com\/wp-content\/uploads\/2019\/04\/lm-300x221.jpg 300w\" sizes=\"auto, (max-width: 604px) 100vw, 604px\" \/><\/figure>\n\n\n\n<p>Vous trouverez \u00e9galement un <a href=\"https:\/\/www.ffme.fr\/site\/falaise-liste.html?DEPARTEMENT=27\">lien <\/a>vers la liste de nos SNE.<\/p>\n","protected":false},"excerpt":{"rendered":"<p>Les Structures Artificiels d&rsquo;Escalade (SAE) La F\u00e9d\u00e9ration Fran\u00e7aise de la Montagne et de l&rsquo;Escalade (FFME) vous propose cet annuaire national des clubs pratiquant les sports de montagne et d&rsquo;escalade affili\u00e9s \u00e0 la f\u00e9d\u00e9ration. Au total, plus de 1100 clubs. Le Comit\u00e9 Territorial de l&rsquo;Eure vous propose la liste de ses clubs. Finalement, il y a &hellip; <\/p>\n<p class=\"link-more\"><a href=\"https:\/\/ct27.escalade-normandie.com\/index.php\/accueil\/les-clubs\/\" class=\"more-link\">Continuer la lecture<span class=\"screen-reader-text\"> de &laquo;&nbsp;Nos sites de pratique&nbsp;&raquo;<\/span><\/a><\/p>\n","protected":false},"author":2,"featured_media":64,"parent":10,"menu_order":0,"comment_status":"closed","ping_status":"closed","template":"","meta":{"footnotes":""},"class_list":["post-58","page","type-page","status-publish","has-post-thumbnail","hentry"],"aioseo_notices":[],"_links":{"self":[{"href":"https:\/\/ct27.escalade-normandie.com\/index.php\/wp-json\/wp\/v2\/pages\/58","targetHints":{"allow":["GET"]}}],"collection":[{"href":"https:\/\/ct27.escalade-normandie.com\/index.php\/wp-json\/wp\/v2\/pages"}],"about":[{"href":"https:\/\/ct27.escalade-normandie.com\/index.php\/wp-json\/wp\/v2\/types\/page"}],"author":[{"embeddable":true,"href":"https:\/\/ct27.escalade-normandie.com\/index.php\/wp-json\/wp\/v2\/users\/2"}],"replies":[{"embeddable":true,"href":"https:\/\/ct27.escalade-normandie.com\/index.php\/wp-json\/wp\/v2\/comments?post=58"}],"version-history":[{"count":8,"href":"https:\/\/ct27.escalade-normandie.com\/index.php\/wp-json\/wp\/v2\/pages\/58\/revisions"}],"predecessor-version":[{"id":100,"href":"https:\/\/ct27.escalade-normandie.com\/index.php\/wp-json\/wp\/v2\/pages\/58\/revisions\/100"}],"up":[{"embeddable":true,"href":"https:\/\/ct27.escalade-normandie.com\/index.php\/wp-json\/wp\/v2\/pages\/10"}],"wp:featuredmedia":[{"embeddable":true,"href":"https:\/\/ct27.escalade-normandie.com\/index.php\/wp-json\/wp\/v2\/media\/64"}],"wp:attachment":[{"href":"https:\/\/ct27.escalade-normandie.com\/index.php\/wp-json\/wp\/v2\/media?parent=58"}],"curies":[{"name":"wp","href":"https:\/\/api.w.org\/{rel}","templated":true}]}}