{"id":147,"date":"2019-06-07T12:10:20","date_gmt":"2019-06-07T10:10:20","guid":{"rendered":"https:\/\/ct27.escalade-normandie.com\/?page_id=147"},"modified":"2020-12-21T23:53:39","modified_gmt":"2020-12-21T22:53:39","slug":"actus","status":"publish","type":"page","link":"https:\/\/ct27.escalade-normandie.com\/","title":{"rendered":"Actualit\u00e9"},"content":{"rendered":"<ul class=\"wp-block-latest-posts__list has-dates wp-block-latest-posts\"><li><a class=\"wp-block-latest-posts__post-title\" href=\"https:\/\/ct27.escalade-normandie.com\/index.php\/2021\/06\/19\/ouverture-de-la-chaine-youtube-du-ct27-et-1ere-video\/\">Ouverture de la chaine YouTube du CT27 et 1ere vid\u00e9o<\/a><time datetime=\"2021-06-19T09:38:33+02:00\" class=\"wp-block-latest-posts__post-date\">19 juin 2021<\/time><div class=\"wp-block-latest-posts__post-excerpt\">Nous venons de cr\u00e9er notre propre chaine YouTube \ud83d\udcaa\ud83d\udc4d\ud83d\udc4d ! A cette occasion vous trouverez notre premi\u00e8re vid\u00e9o L&rsquo;Eure, Terre d&rsquo;escalade qui vous pr\u00e9sente nos belles falaise et bien sur n&rsquo;h\u00e9sitez pas \u00e0 Liker, Partager et laisser un commentaire \ud83d\ude09 Tr\u00e8s Bon visionnage et abonnez-vous \u00e0 notre nouvelle chaine : https:\/\/www.youtube.com\/channel\/UC6NnWQBXeauBKIOTzJtnMpA<\/div><\/li>\n<li><a class=\"wp-block-latest-posts__post-title\" href=\"https:\/\/ct27.escalade-normandie.com\/index.php\/2021\/04\/16\/rockclimber_ct27ffme\/\">RockClimber et le CT 27 FFME<\/a><time datetime=\"2021-04-16T10:14:49+02:00\" class=\"wp-block-latest-posts__post-date\">16 avril 2021<\/time><div class=\"wp-block-latest-posts__post-excerpt\">RockClimber et le CT 27 FFME vous pr\u00e9sentent, sur cette vid\u00e9o, le&nbsp; r\u00e9\u00e9quipement du site naturel d&rsquo;escalade de la Roque, secteur la Sp\u00e9l\u00e9ologue. Un grand merci \u00e0 tous les acteurs de ce projet ! Les falaises du bord de Seine, essentiellement en craie\/silex,&nbsp; demandent un \u00e9quipement appropri\u00e9 (broches de 300 mm) et font l&rsquo;objet d&rsquo;un &hellip; <p class=\"link-more\"><a href=\"https:\/\/ct27.escalade-normandie.com\/index.php\/2021\/04\/16\/rockclimber_ct27ffme\/\" class=\"more-link\">Continuer la lecture<span class=\"screen-reader-text\"> de &laquo;&nbsp;RockClimber et le CT 27 FFME&nbsp;&raquo;<\/span><\/a><\/p><\/div><\/li>\n<li><a class=\"wp-block-latest-posts__post-title\" href=\"https:\/\/ct27.escalade-normandie.com\/index.php\/2021\/03\/11\/la-seconde-jeunesse\/\">La Seconde Jeunesse<\/a><time datetime=\"2021-03-11T21:25:50+01:00\" class=\"wp-block-latest-posts__post-date\">11 mars 2021<\/time><div class=\"wp-block-latest-posts__post-excerpt\">Tout a commenc\u00e9 par des \u00e9nergies locales, des b\u00e9n\u00e9voles farouchement amoureux des falaises de l\u2019Eure et de son Bord de Seine et soucieux de participer \u00e0 l\u2019entretien et \u00e0 l\u2019\u00e9quipement de nos sites de pratique. Le Comit\u00e9 Territorial FFME de l\u2019Eure d\u00e9cide alors de mettre en place une formation d\u2019ouvreurs en site naturel en 2018. &hellip; <p class=\"link-more\"><a href=\"https:\/\/ct27.escalade-normandie.com\/index.php\/2021\/03\/11\/la-seconde-jeunesse\/\" class=\"more-link\">Continuer la lecture<span class=\"screen-reader-text\"> de &laquo;&nbsp;La Seconde Jeunesse&nbsp;&raquo;<\/span><\/a><\/p><\/div><\/li>\n<li><a class=\"wp-block-latest-posts__post-title\" href=\"https:\/\/ct27.escalade-normandie.com\/index.php\/2021\/02\/24\/la-saison-des-amours-cest-reparti\/\">La saison des amours, c&rsquo;est reparti !<\/a><time datetime=\"2021-02-24T17:21:09+01:00\" class=\"wp-block-latest-posts__post-date\">24 f\u00e9vrier 2021<\/time><div class=\"wp-block-latest-posts__post-excerpt\">Nous sommes heureux de vous annoncer le retour de notre nich\u00e9e de Faucons P\u00e8lerins sur la Falaise de l&rsquo;M. Aussi pour ne pas d\u00e9ranger cette esp\u00e8ce prot\u00e9g\u00e9e pendant sa p\u00e9riode de nidification, l&rsquo;acc\u00e8s \u00e0 la falaise de l&rsquo;M est suspendue jusqu&rsquo;\u00e0 l&rsquo;aval de la LPO Normandie, \u00e0 priori jusqu&rsquo;au 3 juillet 2021 Merci de respecter &hellip; <p class=\"link-more\"><a href=\"https:\/\/ct27.escalade-normandie.com\/index.php\/2021\/02\/24\/la-saison-des-amours-cest-reparti\/\" class=\"more-link\">Continuer la lecture<span class=\"screen-reader-text\"> de &laquo;&nbsp;La saison des amours, c&rsquo;est reparti !&nbsp;&raquo;<\/span><\/a><\/p><\/div><\/li>\n<li><div class=\"wp-block-latest-posts__featured-image\"><img loading=\"lazy\" decoding=\"async\" width=\"150\" height=\"150\" src=\"https:\/\/ct27.escalade-normandie.com\/wp-content\/uploads\/2019\/04\/reunion-150x150.jpg\" class=\"attachment-thumbnail size-thumbnail wp-post-image\" alt=\"\" style=\"max-width:150px;max-height:150px;\" srcset=\"https:\/\/ct27.escalade-normandie.com\/wp-content\/uploads\/2019\/04\/reunion-150x150.jpg 150w, https:\/\/ct27.escalade-normandie.com\/wp-content\/uploads\/2019\/04\/reunion-324x324.jpg 324w, https:\/\/ct27.escalade-normandie.com\/wp-content\/uploads\/2019\/04\/reunion-100x100.jpg 100w\" sizes=\"auto, 100vw\" \/><\/div><a class=\"wp-block-latest-posts__post-title\" href=\"https:\/\/ct27.escalade-normandie.com\/index.php\/2021\/01\/22\/assemblee-generale-elective-du-comite-territorial-ffme-de-leure-samedi-20-fevrier-a-la-base-de-lery-pose\/\">Assembl\u00e9e g\u00e9n\u00e9rale \u00e9lective du comit\u00e9 territorial FFME de l&rsquo;Eure- samedi 20 f\u00e9vrier \u00e0 la base de L\u00e9ry Pose<\/a><time datetime=\"2021-01-22T23:41:44+01:00\" class=\"wp-block-latest-posts__post-date\">22 janvier 2021<\/time><div class=\"wp-block-latest-posts__post-excerpt\">Bonjour \u00e0 toutes et \u00e0 tous Vous trouverez en PJ l&rsquo;invitation \u00e0 l&rsquo;assembl\u00e9e g\u00e9n\u00e9rale \u00e9lective du comit\u00e9 territorial FFME de l&rsquo;Eure qui se d\u00e9roulera le samedi 20 f\u00e9vrier \u00e0 la base de L\u00e9ry Poses salle Cousteau. On va faire en sorte de se r\u00e9unir de se voir, de se parler, pour cette AG importante pour &hellip; <p class=\"link-more\"><a href=\"https:\/\/ct27.escalade-normandie.com\/index.php\/2021\/01\/22\/assemblee-generale-elective-du-comite-territorial-ffme-de-leure-samedi-20-fevrier-a-la-base-de-lery-pose\/\" class=\"more-link\">Continuer la lecture<span class=\"screen-reader-text\"> de &laquo;&nbsp;Assembl\u00e9e g\u00e9n\u00e9rale \u00e9lective du comit\u00e9 territorial FFME de l&rsquo;Eure- samedi 20 f\u00e9vrier \u00e0 la base de L\u00e9ry Pose&nbsp;&raquo;<\/span><\/a><\/p><\/div><\/li>\n<\/ul>\n\n\n<p>Merci de prendre connaissance des consignes de reprise de la f\u00e9d\u00e9ration :<\/p>\n\n\n\n<p><a href=\"https:\/\/www.ffme.fr\/wp-content\/uploads\/2020\/08\/200821-Reprise-activit%C3%A9s-en-salle-Mise-a-jour.pdf\">h<\/a><a href=\"https:\/\/www.ffme.fr\/wp-content\/uploads\/2020\/08\/200821-Reprise-activit%C3%A9s-en-salle-Mise-a-jour.pdf\" title=\"Reprise\">ttps:\/\/www.ffme.fr\/wp-content\/uploads\/2020\/08\/200821-Reprise-activit%C3%A9s-en-salle-Mise-a-jour.pdf<\/a><\/p>\n\n\n\n<p><a href=\"https:\/\/ct27.escalade-normandie.com\/wp-content\/uploads\/2020\/09\/afficheA4_covid_avant_pendant_apr\u00e8s_aout2020.pdf\" title=\"Affiches gestes barrieres\">https:\/\/ct27.escalade-normandie.com\/wp-content\/uploads\/2020\/09\/afficheA4_covid_avant_pendant_apr\u00e8s_aout2020.pdf<\/a><\/p>\n\n\n\n<p><\/p>\n\n\n\n<figure class=\"wp-block-image size-large\"><img loading=\"lazy\" decoding=\"async\" width=\"1024\" height=\"768\" src=\"https:\/\/ct27.escalade-normandie.com\/wp-content\/uploads\/2020\/06\/natureCT-27-1024x768.png\" alt=\"\" class=\"wp-image-192\" srcset=\"https:\/\/ct27.escalade-normandie.com\/wp-content\/uploads\/2020\/06\/natureCT-27-1024x768.png 1024w, https:\/\/ct27.escalade-normandie.com\/wp-content\/uploads\/2020\/06\/natureCT-27-300x225.png 300w, https:\/\/ct27.escalade-normandie.com\/wp-content\/uploads\/2020\/06\/natureCT-27-768x576.png 768w, https:\/\/ct27.escalade-normandie.com\/wp-content\/uploads\/2020\/06\/natureCT-27-1536x1152.png 1536w, https:\/\/ct27.escalade-normandie.com\/wp-content\/uploads\/2020\/06\/natureCT-27-2048x1536.png 2048w\" sizes=\"auto, (max-width: 706px) 89vw, (max-width: 767px) 82vw, 740px\" \/><\/figure>\n\n\n\n<h2 class=\"wp-block-heading\">Avanc\u00e9es du CT !<\/h2>\n\n\n\n<figure class=\"wp-block-gallery columns-1 is-cropped wp-block-gallery-1 is-layout-flex wp-block-gallery-is-layout-flex\"><ul class=\"blocks-gallery-grid\"><li class=\"blocks-gallery-item\"><figure><img loading=\"lazy\" decoding=\"async\" width=\"1024\" height=\"768\" src=\"https:\/\/ct27.escalade-normandie.com\/wp-content\/uploads\/2020\/05\/le-CT-en-action-1-1024x768.jpg\" alt=\"\" data-id=\"188\" data-full-url=\"https:\/\/ct27.escalade-normandie.com\/wp-content\/uploads\/2020\/05\/le-CT-en-action-1-scaled.jpg\" data-link=\"https:\/\/ct27.escalade-normandie.com\/index.php\/accueil\/actus\/le-ct-en-action-1\/\" class=\"wp-image-188\" srcset=\"https:\/\/ct27.escalade-normandie.com\/wp-content\/uploads\/2020\/05\/le-CT-en-action-1-1024x768.jpg 1024w, https:\/\/ct27.escalade-normandie.com\/wp-content\/uploads\/2020\/05\/le-CT-en-action-1-300x225.jpg 300w, https:\/\/ct27.escalade-normandie.com\/wp-content\/uploads\/2020\/05\/le-CT-en-action-1-768x576.jpg 768w, https:\/\/ct27.escalade-normandie.com\/wp-content\/uploads\/2020\/05\/le-CT-en-action-1-1536x1152.jpg 1536w, https:\/\/ct27.escalade-normandie.com\/wp-content\/uploads\/2020\/05\/le-CT-en-action-1-2048x1536.jpg 2048w\" sizes=\"auto, (max-width: 706px) 89vw, (max-width: 767px) 82vw, 740px\" \/><\/figure><\/li><\/ul><\/figure>\n\n\n\n<p><\/p>\n\n\n\n<p>Lundi 18 mai, la commission des sites naturels d\u2019escalade (SNE) de l\u2019Eure du CT FFME 27 s\u2019est rendu sur le site d\u2019une nouvelle (ancienne) falaise qui devrait voir le jour durant l\u2019\u00e9t\u00e9&nbsp;.<\/p>\n\n\n\n<p>Cette falaise dont nous tairont le nom (mais c\u2019est un secret de polichinelle &#8230;) a fait l\u2019objet d\u2019un contrat d\u2019entretien avec le propri\u00e9taire et les d\u00e9marches administratives fructueuses (accord de la pr\u00e9fecture, concertation avec les gestionnaires de l\u2019environnement et d\u00e9claration d\u2019incidences Natura 2000) ont permis la possibilit\u00e9 de valider la possibilit\u00e9 de faire un nouveau secteur d\u00e9couverte.<\/p>\n\n\n\n<p>14 longueurs et 102 point doivent \u00eatre pos\u00e9s. Il faudra d\u2019abord faire un peu de terrassement pour faire une plate-forme pour avoir vrai secteur d\u00e9couverte pour emmener les enfants d\u00e9couvrir les joies de la grimpe dehors.<\/p>\n\n\n\n<p>La r\u00e9union sur site a permis de planifier l\u2019intervention et nous vous inviterons \u00e0 venir participer aux travaux. R\u00e9servez d\u00e9j\u00e0 votre <strong>6 juin<\/strong>, il faudra des bras muscl\u00e9s. (A suivre donc)<\/p>\n\n\n\n<figure class=\"wp-block-gallery columns-1 is-cropped wp-block-gallery-2 is-layout-flex wp-block-gallery-is-layout-flex\"><ul class=\"blocks-gallery-grid\"><li class=\"blocks-gallery-item\"><figure><img loading=\"lazy\" decoding=\"async\" width=\"1024\" height=\"768\" src=\"https:\/\/ct27.escalade-normandie.com\/wp-content\/uploads\/2020\/05\/r\u00e9union-commision-SNE-18-mai-2-1024x768.jpg\" alt=\"\" data-id=\"184\" data-full-url=\"https:\/\/ct27.escalade-normandie.com\/wp-content\/uploads\/2020\/05\/r\u00e9union-commision-SNE-18-mai-2-rotated.jpg\" data-link=\"https:\/\/ct27.escalade-normandie.com\/reunion-commision-sne-18-mai-2\/\" class=\"wp-image-184\" srcset=\"https:\/\/ct27.escalade-normandie.com\/wp-content\/uploads\/2020\/05\/r\u00e9union-commision-SNE-18-mai-2-1024x768.jpg 1024w, https:\/\/ct27.escalade-normandie.com\/wp-content\/uploads\/2020\/05\/r\u00e9union-commision-SNE-18-mai-2-300x225.jpg 300w, https:\/\/ct27.escalade-normandie.com\/wp-content\/uploads\/2020\/05\/r\u00e9union-commision-SNE-18-mai-2-768x576.jpg 768w, https:\/\/ct27.escalade-normandie.com\/wp-content\/uploads\/2020\/05\/r\u00e9union-commision-SNE-18-mai-2-1536x1152.jpg 1536w, https:\/\/ct27.escalade-normandie.com\/wp-content\/uploads\/2020\/05\/r\u00e9union-commision-SNE-18-mai-2-rotated.jpg 2016w\" sizes=\"auto, (max-width: 706px) 89vw, (max-width: 767px) 82vw, 740px\" \/><\/figure><\/li><\/ul><\/figure>\n\n\n\n<h2 class=\"wp-block-heading\"><strong>R\u00e9\u00e9quipement<\/strong><\/h2>\n\n\n\n<p>Durant l\u2019hiver quatre \u00e9quipeurs de la commission SNE ont proc\u00e9d\u00e9 aux changements des broches sur une trentaine de voies du Val Saint Martin. Ce r\u00e9\u00e9quipement est financ\u00e9 int\u00e9gralement par le CT FFME 27. N\u2019oubliez pas que l\u2019int\u00e9gralit\u00e9 des recettes des ventes du topo servent aux travaux et au suivi\/entretien de nos falaises.<\/p>\n\n\n\n<h2 class=\"wp-block-heading\"><strong>Acc\u00e8s aux falaises&nbsp;:<\/strong><\/h2>\n\n\n\n<p>Le dernier communiqu\u00e9 de la FFME sur le d\u00e9conventionnement ayant enflamm\u00e9 les \u00ab&nbsp;r\u00e9zosocio&nbsp;\u00bb Nous avons donc souhait\u00e9 faire un point avec vous pour chaque falaise du d\u00e9partement.<\/p>\n\n\n\n<p class=\"has-text-color has-vivid-red-color\"><strong><u>La Carri\u00e9e&nbsp;:<\/u> Site ferm\u00e9&nbsp; <\/strong>Depuis juillet 2019, ce site est ferm\u00e9 provisoirement en attendant les r\u00e9sultats d\u2019une \u00e9tude de stabilit\u00e9 men\u00e9e par le bureau de recherche g\u00e9ologique et mini\u00e8re (BRGM) Le CT est un acteur de cette \u00e9tude et r\u00e9alise le suivi des jauges de fissures qui ont \u00e9t\u00e9 pos\u00e9es.<\/p>\n\n\n\n<figure class=\"wp-block-image size-large\"><img loading=\"lazy\" decoding=\"async\" width=\"640\" height=\"480\" src=\"https:\/\/ct27.escalade-normandie.com\/wp-content\/uploads\/2020\/05\/jauge-1.jpg\" alt=\"\" class=\"wp-image-185\" srcset=\"https:\/\/ct27.escalade-normandie.com\/wp-content\/uploads\/2020\/05\/jauge-1.jpg 640w, https:\/\/ct27.escalade-normandie.com\/wp-content\/uploads\/2020\/05\/jauge-1-300x225.jpg 300w\" sizes=\"auto, (max-width: 640px) 100vw, 640px\" \/><\/figure>\n\n\n\n<p class=\"has-text-color has-vivid-green-cyan-color\"><strong><u>Falaise de l\u2019M&nbsp;<\/u><\/strong>: <strong>Site ouvert<\/strong> Propri\u00e9t\u00e9 de la mairie de Montreuil en Seine Saint Denis, g\u00e9r\u00e9 par le Red Star Club de Montreuil (RSCM) site class\u00e9 en terrain d\u2019aventure. Attention une neutralisation de quelques voies pour la nidification d\u2019une rapace en concertation avec la LPO jusqu\u2019au 3 juillet.<\/p>\n\n\n\n<p class=\"has-text-color has-vivid-green-cyan-color\"><strong><u>Connelles&nbsp;<\/u><\/strong>: <strong>Site ouvert<\/strong> Propri\u00e9t\u00e9 du Club Alpin fran\u00e7ais de Rouen. Site class\u00e9 en terrain d\u2019aventure une neutralisation du secteur Dry Tooling pour la nidification d\u2019une rapace toujours en concertation avec la LPO.<\/p>\n\n\n\n<p class=\"has-text-color has-vivid-green-cyan-color\"><strong><u>La micro falaise&nbsp;:<\/u><\/strong> <strong>Site ouvert<\/strong> Propri\u00e9t\u00e9 du Red Star Club de Montreuil (RSCM) site class\u00e9 en terrain d\u2019aventure.<\/p>\n\n\n\n<p class=\"has-text-color has-vivid-green-cyan-color\"><strong><u>La Bisexto, la Sp\u00e9l\u00e9ologue, Le Thuit, Le val Saint Martin&nbsp;: <\/u><\/strong>&nbsp;<strong>Sites ouverts&nbsp;<\/strong>. Sites sportifs conventionn\u00e9s par la FFME avec des collectivit\u00e9s, les contacts sont en cours pour transformer les conventions d\u2019usage en contrat d\u2019entretien.<\/p>\n\n\n\n<p class=\"has-text-color has-vivid-green-cyan-color\">Le CT FFME 27 ne communique pas (assez) beaucoup sur ces travaux, on est des taiseux comme on dit par chez nous, mais on avance.<\/p>\n\n\n\n<p>J\u2019ai eu le plaisir de voir que la pr\u00e9servation des sites de pratiques est pl\u00e9biscit\u00e9 par les grimpeurs de tout bord. Toutes les bonnes volont\u00e9s sont les bienvenues pour pr\u00e9server <strong><u>NOS <\/u><\/strong>falaises du bord de Seine, on communiquera (mieux promis) pour nos futures actions, pour que tous puissent y contribuer.<\/p>\n\n\n\n<p>Nos diversit\u00e9s d\u2019horizons et d\u2019opinions font la richesse de l\u2019escalade. N\u2019oublions pas que ce n\u2019est que de la petite grimpette inutile mais essentielle \u00e0 la vie.<\/p>\n\n\n\n<p>Bien \u00e0 vous<\/p>\n\n\n\n<p>St\u00e9phane DUREL Pr\u00e9sident du CT FFME 27<\/p>\n\n\n\n<h2 class=\"wp-block-heading\">Pratique de l&rsquo;escalade \u00e0 la Carri\u00e9e suspendu  !<\/h2>\n\n\n\n<figure class=\"wp-block-image\"><img loading=\"lazy\" decoding=\"async\" width=\"400\" height=\"480\" src=\"https:\/\/ct27.escalade-normandie.com\/wp-content\/uploads\/2019\/10\/site-ferm\u00e9l.png\" alt=\"\" class=\"wp-image-175\" srcset=\"https:\/\/ct27.escalade-normandie.com\/wp-content\/uploads\/2019\/10\/site-ferm\u00e9l.png 400w, https:\/\/ct27.escalade-normandie.com\/wp-content\/uploads\/2019\/10\/site-ferm\u00e9l-250x300.png 250w\" sizes=\"auto, (max-width: 400px) 100vw, 400px\" \/><figcaption> Site ferm\u00e9 &#8211; escalade interdite et acc\u00e8s dangereux <\/figcaption><\/figure>\n\n\n\n<p>Le CT FFME de l&rsquo;Eure vous communique la fermeture du site de la Carri\u00e9e en raison de l&rsquo;instabilit\u00e9 de blocs.<\/p>\n\n\n\n<p><\/p>\n\n\n\n<h2 class=\"wp-block-heading\"> Fermetures de voies au Val Saint Martin jusqu&rsquo;\u00e0 nouvel ordre. <\/h2>\n\n\n\n<p><\/p>\n\n\n\n<p>\n Suite \u00e0 une expertise des falaises du Bord de Seine, le Comit\u00e9 \nTerritorial FFME 27 a d\u00e9cid\u00e9 de suspendre l&rsquo;acc\u00e8s \u00e0 certaines voies au \nVal Saint Martin. <\/p>\n\n\n\n<p> &#8211; Secteur 7 (TOPO 2018) voies 86\/87\/89\/91\/93\/94\/95 et 97<br> &#8211; Secteur 8 (TOPO 2018) voies 107\/108\/109\/110\/111\/112\/113\/114\/115\/116 et 119<\/p>\n\n\n\n<p> Les scellements ayant travaill\u00e9, il s&rsquo;agit de r\u00e9-\u00e9quiper l&rsquo;int\u00e9gralit\u00e9 des voies nomm\u00e9es. <\/p>\n\n\n\n<p> On vous tiens tr\u00e8s vite inform\u00e9s de la planification du chantier. <\/p>\n\n\n\n<p> Merci de faire suivre ce communiqu\u00e9 officiel \u00e0 votre r\u00e9seau.<\/p>\n\n\n\n<figure class=\"wp-block-image\"><img decoding=\"async\" src=\"https:\/\/scontent-cdt1-1.xx.fbcdn.net\/v\/t1.0-9\/62642835_376008926372471_2762131856475291648_o.jpg?_nc_cat=101&amp;_nc_ht=scontent-cdt1-1.xx&amp;oh=10c70d5d2f32f9260258e361cc258059&amp;oe=5D84A5D3\" alt=\"Aucune description de photo disponible.\"\/><figcaption>  <\/figcaption><\/figure>\n\n\n\n<figure class=\"wp-block-image\"><img decoding=\"async\" src=\"https:\/\/scontent-cdt1-1.xx.fbcdn.net\/v\/t1.0-9\/62093123_376008879705809_270042177495629824_o.jpg?_nc_cat=101&amp;_nc_ht=scontent-cdt1-1.xx&amp;oh=262e08d2fd211f4203eb2248420057c8&amp;oe=5D8088C1\" alt=\"Aucune description de photo disponible.\"\/><figcaption>  <\/figcaption><\/figure>\n\n\n\n<figure class=\"wp-block-image\"><img decoding=\"async\" src=\"https:\/\/scontent-cdt1-1.xx.fbcdn.net\/v\/t1.0-9\/62131341_376008933039137_4329263417312411648_o.jpg?_nc_cat=111&amp;_nc_ht=scontent-cdt1-1.xx&amp;oh=7261a7a3781824771556206fd4181621&amp;oe=5D97E736\" alt=\"Aucune description de photo disponible.\"\/><\/figure>\n\n\n\n<figure class=\"wp-block-image\"><img decoding=\"async\" src=\"https:\/\/scontent-cdt1-1.xx.fbcdn.net\/v\/t1.0-9\/62126023_376008829705814_2876355291941699584_n.jpg?_nc_cat=111&amp;_nc_ht=scontent-cdt1-1.xx&amp;oh=7a1e1f87a4e6b251b2b80f963992291a&amp;oe=5D79AEE7\" alt=\"Aucune description de photo disponible.\"\/><\/figure>\n\n\n\n<h2 class=\"wp-block-heading\"> Escalade en Seine <\/h2>\n\n\n\n<figure class=\"wp-block-image\"><img loading=\"lazy\" decoding=\"async\" width=\"752\" height=\"1024\" src=\"https:\/\/ct27.escalade-normandie.com\/wp-content\/uploads\/2019\/06\/AfficheV2-752x1024.jpg\" alt=\"\" class=\"wp-image-150\" srcset=\"https:\/\/ct27.escalade-normandie.com\/wp-content\/uploads\/2019\/06\/AfficheV2-752x1024.jpg 752w, https:\/\/ct27.escalade-normandie.com\/wp-content\/uploads\/2019\/06\/AfficheV2-220x300.jpg 220w, https:\/\/ct27.escalade-normandie.com\/wp-content\/uploads\/2019\/06\/AfficheV2-768x1046.jpg 768w, https:\/\/ct27.escalade-normandie.com\/wp-content\/uploads\/2019\/06\/AfficheV2.jpg 1890w\" sizes=\"auto, (max-width: 706px) 89vw, (max-width: 767px) 82vw, 740px\" \/><\/figure>\n\n\n\n<h2 class=\"wp-block-heading\"><\/h2>\n\n\n\n<blockquote class=\"wp-block-quote is-layout-flow wp-block-quote-is-layout-flow\"><p><\/p><\/blockquote>\n\n\n\n<p>\nAmis grimpeurs, amies grimpeuses, <\/p>\n\n\n\n<p>Bloquez votre weekend du 15 et 16 juin sur votre calendrier, \u00e7a va envoyer du lourd \ud83d\ude09<\/p>\n\n\n\n<p>Le samedi, place \u00e0 notre rendez vous annuel, le fameux et c\u00e9l\u00e8bre Bloc en Seine. <br>Le dimanche, pour f\u00eater l&rsquo;arriv\u00e9e du nouveau topo, RDV en falaise. L&rsquo;objectif est de rayer toutes les voies du topo. <\/p>\n\n\n\n<p>Voici le programme en d\u00e9tail : <\/p>\n\n\n\n<h2 class=\"wp-block-heading\"><em><strong>Samedi 15 juin :<\/strong><\/em><\/h2>\n\n\n\n<p>De 10h \u00e0 19h : 19\u00e9me \u00e9dition de Bloc en Seine (250 participants chaque ann\u00e9e).<br>Cette ann\u00e9e l\u2019accent sera mis sur le respect de notre terrain de jeu avec un \u00e9v\u00e8nement organis\u00e9 sous l\u2019aspect du d\u00e9veloppement durable. Chaque participant se verra offrir une brosse et un sac d\u00e9chet zippable pour inciter au ramassage de d\u00e9chets en outdoor et au brossage des prises.<\/p>\n\n\n\n<p>En soir\u00e9e : diffusion des films du Roc aventure programme FFME sur grand \u00e9cran avec ensuite un d\u00e9bat\/pr\u00e9sentation anim\u00e9 par Tom DUREL membre de la promotion 2017\/2018.<br>Soir\u00e9e festive avec en repas du soir, le foodtruck \u00ab La bonne gamelle \u00bb, des salades bien fournies avec son hot-dog.<\/p>\n\n\n\n<p>Toute la journ\u00e9e animations : LPO,  FFME, CASE recyclage\/d\u00e9chets<\/p>\n\n\n\n<p>Et bien \u00e9videmment, buvette accueillante, app\u00e9tissante avec du bon sirop de Houblon. Cette ann\u00e9e, la brasserie des 2 amants sera \u00e0 l&rsquo;honneur. De la Marcel et de la Mathilde sortiront des fus. <\/p>\n\n\n\n<h2 class=\"wp-block-heading\"><em><strong>Dimanche 16 juin :<\/strong><\/em><\/h2>\n\n\n\n<p>Inauguration du nouveau topo guide \u00ab les falaises du bord de Seine dans l\u2019Eure \u00bb.<br>Challenge : \u00ab On raye le topo \u00bb. L\u2019id\u00e9e est d\u2019essayer de r\u00e9aliser dans la journ\u00e9e les 400 voies sportives du bord de Seine (4a \u00e0 8b). Des animateurs seront sur chaque site pour comptabiliser les voies r\u00e9alis\u00e9es. Un tableau de bord sur chaque site sera install\u00e9 pour suivre en direct l\u2019avancement du challenge.<\/p>\n\n\n\n<p>Des stands sur chaque site proposeront des informations sur les clubs FFME et le CT27 ainsi que la vente du nouveau Topo.<\/p>\n\n\n\n<p>Un stand informatif de la LPO Normandie sur le site du Val Saint Martin (site de nidification annuelle du faucon p\u00e8lerin).<\/p>\n\n\n\n<p><\/p>\n\n\n\n<figure class=\"wp-block-image\"><img loading=\"lazy\" decoding=\"async\" width=\"576\" height=\"1024\" src=\"https:\/\/ct27.escalade-normandie.com\/wp-content\/uploads\/2019\/06\/falaise-la-Cari\u00e9e-576x1024.jpg\" alt=\"\" class=\"wp-image-151\" srcset=\"https:\/\/ct27.escalade-normandie.com\/wp-content\/uploads\/2019\/06\/falaise-la-Cari\u00e9e-576x1024.jpg 576w, https:\/\/ct27.escalade-normandie.com\/wp-content\/uploads\/2019\/06\/falaise-la-Cari\u00e9e-169x300.jpg 169w, https:\/\/ct27.escalade-normandie.com\/wp-content\/uploads\/2019\/06\/falaise-la-Cari\u00e9e-768x1364.jpg 768w, https:\/\/ct27.escalade-normandie.com\/wp-content\/uploads\/2019\/06\/falaise-la-Cari\u00e9e.jpg 1189w\" sizes=\"auto, (max-width: 576px) 100vw, 576px\" \/><\/figure>\n\n\n\n<p>Une initiation grand public sera mise en place sur deux secteurs d\u00e9couvertes et anim\u00e9e par des cadres dipl\u00f4m\u00e9s (brevet f\u00e9d\u00e9raux, BPJEPS, DE) sur le site de la Carri\u00e9 site d\u00e9couverte conventionn\u00e9 FFME. Et pour s&rsquo;inscrire, c&rsquo;est ici :&nbsp;<a rel=\"noreferrer noopener\" href=\"https:\/\/l.facebook.com\/l.php?u=https%3A%2F%2Fbit.ly%2F2Z7Ld9m%3Ffbclid%3DIwAR3GqFtywO1obpzPwGG4OMBwAzClcE_UZYJuEagTCKbY3rhVat7F60nsxjA&amp;h=AT3uX7ZUWoqZYfmzBkVKfPrL-ZqtwZVENVV1xcUL1WhA6Y-89kxYox0YEIvX3W_lUh4z55d9bYfyszJpn5rR7ADBIEmLyxw0iA5K5pMgcxlk8Ig6JH2GSTD3BvoBoaKLj_pZ4dsa-Ss8obZ9vFChi7gWFKdBp-U-0GeVv1MwxqFW_EbgsMfTFGJ_0AzVujE8IC1TsTHFWM4fod7B24AdyzlfA7UkwV2_qMlwAduMPL2pOFXTurpY9Fh6MRNrrPii4uFcXyXt25b2ZB60mVFdaNx1cP9mpaQh6aRjDphV8VZAG8PiAkmIW4zSH61-AgwO7sLd6G-uMwb4p7xXpYcTOV6ZDZil9GpirVULM-2ETjckJ0iVS1zRxraZLUIWZj9bR0X4pnLfoihEON4fdyCuDGyt51RydHXHp5qyp1zKdxXz_XCS07xxZugyAptl0CjQmaV4z7_WojFyKBJiZhVbGNOxsKiB594WzjVa9QZwYOuJEYCaxrY1Ch7ykgD-LwqMQ1JnvKtzHQtqZ3BmBwK2PYn_ZNQUkfiM3vV4bcuJXbUDkqrM8G2jCqEsRyp7dY5LLv-pDiy0lg6nSJ04urK2GAyu4e5EoCT3k6m80EVmNkoDWypo0OU5KGNYsUU7FfUi2UfLo-AU5oCOuw\" target=\"_blank\">http:\/\/bit.ly\/2Z7Ld9m<\/a><\/p>\n\n\n\n<p>Votre\n tonton et votre tata sont moins aguerries de sensations fortes ??? \nAucun soucis, venez leur faire d\u00e9couvrir les Coteaux du Bord de Seine, \nanim\u00e9 par nos partenaires de la LPO.&nbsp;<br>Pour s&rsquo;inscrire, c&rsquo;est l\u00e0 :&nbsp;<a href=\"https:\/\/bit.ly\/31cpYVJ?fbclid=IwAR3id_mQfQKIxaF23F7hX4HBNclbYnww2LeJxUnJ08h-1vE6rrUlyrCX84Q\" rel=\"noreferrer noopener\" target=\"_blank\">http:\/\/bit.ly\/31cpYVJ<\/a><br>Merci.\n\n<\/p>\n","protected":false},"excerpt":{"rendered":"<p>Merci de prendre connaissance des consignes de reprise de la f\u00e9d\u00e9ration : https:\/\/www.ffme.fr\/wp-content\/uploads\/2020\/08\/200821-Reprise-activit%C3%A9s-en-salle-Mise-a-jour.pdf https:\/\/ct27.escalade-normandie.com\/wp-content\/uploads\/2020\/09\/afficheA4_covid_avant_pendant_apr\u00e8s_aout2020.pdf Avanc\u00e9es du CT ! Lundi 18 mai, la commission des sites naturels d\u2019escalade (SNE) de l\u2019Eure du CT FFME 27 s\u2019est rendu sur le site d\u2019une nouvelle (ancienne) falaise qui devrait voir le jour durant l\u2019\u00e9t\u00e9&nbsp;. Cette falaise dont nous tairont &hellip; <\/p>\n<p class=\"link-more\"><a href=\"https:\/\/ct27.escalade-normandie.com\/\" class=\"more-link\">Continuer la lecture<span class=\"screen-reader-text\"> de &laquo;&nbsp;Actualit\u00e9&nbsp;&raquo;<\/span><\/a><\/p>\n","protected":false},"author":2,"featured_media":0,"parent":10,"menu_order":0,"comment_status":"closed","ping_status":"closed","template":"","meta":{"footnotes":""},"class_list":["post-147","page","type-page","status-publish","hentry"],"aioseo_notices":[],"_links":{"self":[{"href":"https:\/\/ct27.escalade-normandie.com\/index.php\/wp-json\/wp\/v2\/pages\/147","targetHints":{"allow":["GET"]}}],"collection":[{"href":"https:\/\/ct27.escalade-normandie.com\/index.php\/wp-json\/wp\/v2\/pages"}],"about":[{"href":"https:\/\/ct27.escalade-normandie.com\/index.php\/wp-json\/wp\/v2\/types\/page"}],"author":[{"embeddable":true,"href":"https:\/\/ct27.escalade-normandie.com\/index.php\/wp-json\/wp\/v2\/users\/2"}],"replies":[{"embeddable":true,"href":"https:\/\/ct27.escalade-normandie.com\/index.php\/wp-json\/wp\/v2\/comments?post=147"}],"version-history":[{"count":19,"href":"https:\/\/ct27.escalade-normandie.com\/index.php\/wp-json\/wp\/v2\/pages\/147\/revisions"}],"predecessor-version":[{"id":221,"href":"https:\/\/ct27.escalade-normandie.com\/index.php\/wp-json\/wp\/v2\/pages\/147\/revisions\/221"}],"up":[{"embeddable":true,"href":"https:\/\/ct27.escalade-normandie.com\/index.php\/wp-json\/wp\/v2\/pages\/10"}],"wp:attachment":[{"href":"https:\/\/ct27.escalade-normandie.com\/index.php\/wp-json\/wp\/v2\/media?parent=147"}],"curies":[{"name":"wp","href":"https:\/\/api.w.org\/{rel}","templated":true}]}}