{"id":14,"date":"2019-04-24T23:08:40","date_gmt":"2019-04-24T21:08:40","guid":{"rendered":"https:\/\/ct27.escalade-normandie.com\/?page_id=14"},"modified":"2025-06-12T11:21:31","modified_gmt":"2025-06-12T09:21:31","slug":"une-section-de-page-daccueil","status":"publish","type":"page","link":"https:\/\/ct27.escalade-normandie.com\/index.php\/une-section-de-page-daccueil\/","title":{"rendered":"Info g\u00e9n\u00e9rales"},"content":{"rendered":"\n<p>Bonjour, vous trouverez ci-dessous nos compte rendu de nos conseils d&rsquo;Administration :<\/p>\n\n\n\n<p><a href=\"https:\/\/ct27.escalade-normandie.com\/wp-content\/uploads\/2025\/06\/CA-du-11-juin-2025.pdf\" title=\"CA du 11 juin 2025\">CA du 11 juin 2025<\/a><\/p>\n\n\n\n<p><a href=\"https:\/\/ct27.escalade-normandie.com\/wp-content\/uploads\/2025\/03\/PV-AG-1-fevrier-2025.pdf\" title=\"\">PV AG du 1 f\u00e9vrier 2025<\/a><\/p>\n\n\n\n<p><a href=\"https:\/\/ct27.escalade-normandie.com\/wp-content\/uploads\/2025\/03\/CA-du-02.10.24.pdf\" title=\"\">CA du 2 octobre 2024<\/a><\/p>\n\n\n\n<p><a href=\"https:\/\/ct27.escalade-normandie.com\/wp-content\/uploads\/2025\/03\/LETTRE-PREVENTION-SECURITE-NOV-2024-2-1.pdf\" title=\"\">Un peu d&rsquo;info sur le rapport d&rsquo;accidentologie de la FFME dont nous avons parl\u00e9 en AG.<\/a><\/p>\n\n\n\n<p><a href=\"https:\/\/ct27.escalade-normandie.com\/wp-content\/uploads\/2025\/03\/Bilan-financier-AG-elective-2024-1.pdf\" title=\"\">Bilan financier 2024<\/a><\/p>\n\n\n\n<p><a href=\"https:\/\/ct27.escalade-normandie.com\/wp-content\/uploads\/2025\/03\/PV-AG-elective-2024.pdf\" title=\"\">Compte rendu de l&rsquo;assembl\u00e9e g\u00e9n\u00e9rale du 13 janvier 2024<\/a><\/p>\n\n\n\n<p>&nbsp;<strong>Renouvellement des \u00c9lus<\/strong><\/p>\n\n\n\n<p>&nbsp;<\/p>\n\n\n\n<ul class=\"wp-block-list\">\n<li><a href=\"https:\/\/ct27.escalade-normandie.com\/wp-content\/uploads\/2023\/11\/CR-CA-11-10-23.pdf\">CA<\/a> du 11 octobre 2023<\/li>\n<\/ul>\n\n\n\n<p>Compte rendu de l&rsquo;assembl\u00e9e g\u00e9n\u00e9rale du 21 janvier 2023 ici<\/p>\n\n\n\n<ul class=\"wp-block-list\">\n<li><a href=\"https:\/\/ct27.escalade-normandie.com\/wp-content\/uploads\/2022\/08\/CR-CA-22-06-22.pdf\">CA <\/a>du 22 juin 2022<\/li>\n\n\n\n<li><a href=\"https:\/\/ct27.escalade-normandie.com\/wp-content\/uploads\/2022\/02\/CR-CA-15-decembre-2021.pdf\">CA<\/a> du 15 d\u00e9cembre 2021<\/li>\n\n\n\n<li><a href=\"https:\/\/ct27.escalade-normandie.com\/wp-content\/uploads\/2020\/11\/CR-CA-14-octobre-2020.pdf\">CA du 14 octobre 2020<\/a><\/li>\n\n\n\n<li><a href=\"https:\/\/ct27.escalade-normandie.com\/wp-content\/uploads\/2020\/09\/CR-CA-24-06-20.pdf\">CA du 24 juin 2020<\/a><\/li>\n\n\n\n<li><a href=\"https:\/\/ct27.escalade-normandie.com\/wp-content\/uploads\/2020\/02\/CR-CA-23-octobre-2019.pdf\">CA du CT d&rsquo;octobre 2019<\/a><\/li>\n\n\n\n<li><a href=\"https:\/\/ct27.escalade-normandie.com\/wp-content\/uploads\/2020\/02\/Convocation-AG-CT-27-2020.pdf\">Invitation \u00e0 l&rsquo;AG du 12\/02\/2020<\/a><\/li>\n\n\n\n<li><a href=\"https:\/\/ct27.escalade-normandie.com\/wp-content\/uploads\/2019\/05\/CR-CA-8-mai-2019.pdf\">CR CA 8 mai 2019<\/a><\/li>\n\n\n\n<li><a href=\"https:\/\/ct27.escalade-normandie.com\/wp-content\/uploads\/2019\/04\/CR-CA-28-novembre-2018.pdf\">CR CA 28 novembre 2018<\/a><\/li>\n\n\n\n<li><a href=\"https:\/\/ct27.escalade-normandie.com\/wp-content\/uploads\/2019\/04\/CR-CA-16-mai-2018.pdf\">CR CA 16 mai 2018<\/a><\/li>\n\n\n\n<li><a href=\"https:\/\/ct27.escalade-normandie.com\/wp-content\/uploads\/2019\/04\/CR-CA-6-d\u00e9cembre-2017.pdf\">CR CA 6 d\u00e9cembre 2017<\/a><\/li>\n\n\n\n<li><a href=\"https:\/\/ct27.escalade-normandie.com\/wp-content\/uploads\/2019\/04\/CR-CA-1-mars-2017.pdf\">CR CA 1 mars 2017<\/a><\/li>\n<\/ul>\n","protected":false},"excerpt":{"rendered":"<p>Bonjour, vous trouverez ci-dessous nos compte rendu de nos conseils d&rsquo;Administration : CA du 11 juin 2025 PV AG du 1 f\u00e9vrier 2025 CA du 2 octobre 2024 Un peu d&rsquo;info sur le rapport d&rsquo;accidentologie de la FFME dont nous avons parl\u00e9 en AG. Bilan financier 2024 Compte rendu de l&rsquo;assembl\u00e9e g\u00e9n\u00e9rale du 13 janvier &hellip; <\/p>\n<p class=\"link-more\"><a href=\"https:\/\/ct27.escalade-normandie.com\/index.php\/une-section-de-page-daccueil\/\" class=\"more-link\">Continuer la lecture<span class=\"screen-reader-text\"> de &laquo;&nbsp;Info g\u00e9n\u00e9rales&nbsp;&raquo;<\/span><\/a><\/p>\n","protected":false},"author":2,"featured_media":57,"parent":0,"menu_order":0,"comment_status":"closed","ping_status":"closed","template":"","meta":{"footnotes":""},"class_list":["post-14","page","type-page","status-publish","has-post-thumbnail","hentry"],"aioseo_notices":[],"_links":{"self":[{"href":"https:\/\/ct27.escalade-normandie.com\/index.php\/wp-json\/wp\/v2\/pages\/14","targetHints":{"allow":["GET"]}}],"collection":[{"href":"https:\/\/ct27.escalade-normandie.com\/index.php\/wp-json\/wp\/v2\/pages"}],"about":[{"href":"https:\/\/ct27.escalade-normandie.com\/index.php\/wp-json\/wp\/v2\/types\/page"}],"author":[{"embeddable":true,"href":"https:\/\/ct27.escalade-normandie.com\/index.php\/wp-json\/wp\/v2\/users\/2"}],"replies":[{"embeddable":true,"href":"https:\/\/ct27.escalade-normandie.com\/index.php\/wp-json\/wp\/v2\/comments?post=14"}],"version-history":[{"count":22,"href":"https:\/\/ct27.escalade-normandie.com\/index.php\/wp-json\/wp\/v2\/pages\/14\/revisions"}],"predecessor-version":[{"id":392,"href":"https:\/\/ct27.escalade-normandie.com\/index.php\/wp-json\/wp\/v2\/pages\/14\/revisions\/392"}],"wp:featuredmedia":[{"embeddable":true,"href":"https:\/\/ct27.escalade-normandie.com\/index.php\/wp-json\/wp\/v2\/media\/57"}],"wp:attachment":[{"href":"https:\/\/ct27.escalade-normandie.com\/index.php\/wp-json\/wp\/v2\/media?parent=14"}],"curies":[{"name":"wp","href":"https:\/\/api.w.org\/{rel}","templated":true}]}}