{"id":12,"date":"2019-04-24T23:08:40","date_gmt":"2019-04-24T21:08:40","guid":{"rendered":"https:\/\/ct27.escalade-normandie.com\/?page_id=12"},"modified":"2024-09-24T18:20:57","modified_gmt":"2024-09-24T16:20:57","slug":"contact","status":"publish","type":"page","link":"https:\/\/ct27.escalade-normandie.com\/index.php\/contact\/","title":{"rendered":"Le Bureau"},"content":{"rendered":"<p style=\"text-align: center;\">Pr\u00e9sidente : Sabine STEENSTRUP<\/p>\n<p style=\"text-align: center;\"><a href=\"mailto:president@ct27.escalade-normandie.com\">president@ct27.escalade-normandie.com<\/a><\/p>\n<p style=\"text-align: center;\">Vice-pr\u00e9sident : Pascal BOCIANOWSKI<\/p>\n<p style=\"text-align: center;\">Tr\u00e9sori\u00e8re \u00a0:\u00a0 Claire HUE<\/p>\n<p style=\"text-align: center;\"><a href=\"mailto:tresorier@ct27.escalade-normandie.com\">tresorier@<span class=\"il\">ct27.escalade-normandie.com<\/span><\/a><\/p>\n<p style=\"text-align: center;\">Secr\u00e9taire g\u00e9n\u00e9rale : FAUSTINE DUBOIS<\/p>\n<p style=\"text-align: center;\"><a href=\"mailto:secretaire@ct27.escalade-normandie.com\">secretaire@<span class=\"il\">ct27.escalade-normandie.com<\/span><\/a><\/p>\n<p style=\"text-align: center;\">Secr\u00e9taire g\u00e9n\u00e9ral adjoint : Jean-Luc CERVANTES<\/p>\n","protected":false},"excerpt":{"rendered":"<p>Pr\u00e9sidente : Sabine STEENSTRUP president@ct27.escalade-normandie.com Vice-pr\u00e9sident : Pascal BOCIANOWSKI Tr\u00e9sori\u00e8re \u00a0:\u00a0 Claire HUE tresorier@ct27.escalade-normandie.com Secr\u00e9taire g\u00e9n\u00e9rale : FAUSTINE DUBOIS secretaire@ct27.escalade-normandie.com Secr\u00e9taire g\u00e9n\u00e9ral adjoint : Jean-Luc CERVANTES<\/p>\n","protected":false},"author":2,"featured_media":164,"parent":0,"menu_order":0,"comment_status":"closed","ping_status":"closed","template":"","meta":{"footnotes":""},"class_list":["post-12","page","type-page","status-publish","has-post-thumbnail","hentry"],"aioseo_notices":[],"_links":{"self":[{"href":"https:\/\/ct27.escalade-normandie.com\/index.php\/wp-json\/wp\/v2\/pages\/12","targetHints":{"allow":["GET"]}}],"collection":[{"href":"https:\/\/ct27.escalade-normandie.com\/index.php\/wp-json\/wp\/v2\/pages"}],"about":[{"href":"https:\/\/ct27.escalade-normandie.com\/index.php\/wp-json\/wp\/v2\/types\/page"}],"author":[{"embeddable":true,"href":"https:\/\/ct27.escalade-normandie.com\/index.php\/wp-json\/wp\/v2\/users\/2"}],"replies":[{"embeddable":true,"href":"https:\/\/ct27.escalade-normandie.com\/index.php\/wp-json\/wp\/v2\/comments?post=12"}],"version-history":[{"count":10,"href":"https:\/\/ct27.escalade-normandie.com\/index.php\/wp-json\/wp\/v2\/pages\/12\/revisions"}],"predecessor-version":[{"id":366,"href":"https:\/\/ct27.escalade-normandie.com\/index.php\/wp-json\/wp\/v2\/pages\/12\/revisions\/366"}],"wp:featuredmedia":[{"embeddable":true,"href":"https:\/\/ct27.escalade-normandie.com\/index.php\/wp-json\/wp\/v2\/media\/164"}],"wp:attachment":[{"href":"https:\/\/ct27.escalade-normandie.com\/index.php\/wp-json\/wp\/v2\/media?parent=12"}],"curies":[{"name":"wp","href":"https:\/\/api.w.org\/{rel}","templated":true}]}}